{"id":40197,"date":"2022-01-10T13:56:58","date_gmt":"2022-01-10T13:56:58","guid":{"rendered":"https:\/\/wastehero.io\/empresa\/"},"modified":"2024-09-30T08:10:08","modified_gmt":"2024-09-30T08:10:08","slug":"empresa","status":"publish","type":"page","link":"https:\/\/wastehero.io\/es\/empresa\/","title":{"rendered":"Empresa"},"content":{"rendered":"\t\t<div data-elementor-type=\"wp-page\" data-elementor-id=\"40197\" class=\"elementor elementor-40197 elementor-10795\" data-elementor-post-type=\"page\">\n\t\t\t\t\t\t<section class=\"elementor-section elementor-top-section elementor-element elementor-element-8152bfd elementor-section-boxed elementor-section-height-default elementor-section-height-default\" data-id=\"8152bfd\" data-element_type=\"section\" data-settings=\"{&quot;background_background&quot;:&quot;classic&quot;}\">\n\t\t\t\t\t\t<div class=\"elementor-container elementor-column-gap-default\">\n\t\t\t\t\t<div class=\"elementor-column elementor-col-100 elementor-top-column elementor-element elementor-element-7aedd7f\" data-id=\"7aedd7f\" data-element_type=\"column\" data-settings=\"{&quot;background_background&quot;:&quot;classic&quot;}\">\n\t\t\t<div class=\"elementor-widget-wrap elementor-element-populated\">\n\t\t\t\t\t\t<div class=\"elementor-element elementor-element-ba49568 elementor-widget elementor-widget-heading\" data-id=\"ba49568\" data-element_type=\"widget\" data-widget_type=\"heading.default\">\n\t\t\t\t<div class=\"elementor-widget-container\">\n\t\t\t<h2 class=\"elementor-heading-title elementor-size-default\">Empresa<\/h2>\t\t<\/div>\n\t\t\t\t<\/div>\n\t\t\t\t\t<\/div>\n\t\t<\/div>\n\t\t\t\t\t<\/div>\n\t\t<\/section>\n\t\t\t\t<section class=\"elementor-section elementor-inner-section elementor-element elementor-element-122116b4 elementor-section-boxed elementor-section-height-default elementor-section-height-default\" data-id=\"122116b4\" data-element_type=\"section\" data-settings=\"{&quot;background_background&quot;:&quot;classic&quot;}\">\n\t\t\t\t\t\t<div class=\"elementor-container elementor-column-gap-extended\">\n\t\t\t\t\t<div class=\"elementor-column elementor-col-25 elementor-inner-column elementor-element elementor-element-68710162\" data-id=\"68710162\" data-element_type=\"column\" data-settings=\"{&quot;background_background&quot;:&quot;classic&quot;}\">\n\t\t\t<div class=\"elementor-widget-wrap elementor-element-populated\">\n\t\t\t\t\t\t<div class=\"elementor-element elementor-element-5c9e127b elementor-widget elementor-widget-image\" data-id=\"5c9e127b\" data-element_type=\"widget\" data-widget_type=\"image.default\">\n\t\t\t\t<div class=\"elementor-widget-container\">\n\t\t\t\t\t\t\t\t\t\t\t\t\t\t<a href=\"https:\/\/wastehero.io\/es\/empresa\/sobre-nosotros\/\">\n\t\t\t\t\t\t\t<img decoding=\"async\" src=\"https:\/\/wastehero.io\/wp-content\/smush-webp\/2022\/02\/image-3-394x303.jpg.webp\" title=\"Aarhus city\" alt=\"Aarhus city\" loading=\"lazy\" \/>\t\t\t\t\t\t\t\t<\/a>\n\t\t\t\t\t\t\t\t\t\t\t\t\t<\/div>\n\t\t\t\t<\/div>\n\t\t\t\t<div class=\"elementor-element elementor-element-21785eaa elementor-widget elementor-widget-heading\" data-id=\"21785eaa\" data-element_type=\"widget\" data-widget_type=\"heading.default\">\n\t\t\t\t<div class=\"elementor-widget-container\">\n\t\t\t<div class=\"elementor-heading-title elementor-size-default\">Sobre nosotros<\/div>\t\t<\/div>\n\t\t\t\t<\/div>\n\t\t\t\t<div class=\"elementor-element elementor-element-3bacccf2 elementor-widget elementor-widget-text-editor\" data-id=\"3bacccf2\" data-element_type=\"widget\" data-widget_type=\"text-editor.default\">\n\t\t\t\t<div class=\"elementor-widget-container\">\n\t\t\t\t\t\t\t<p><span style=\"font-weight: 400;\">Conoce la historia de WasteHero y conoce a nuestro equipo directivo.  <\/span><\/p>\n\t\t\t\t\t\t<\/div>\n\t\t\t\t<\/div>\n\t\t\t\t<div class=\"elementor-element elementor-element-56195582 elementor-widget elementor-widget-heading\" data-id=\"56195582\" data-element_type=\"widget\" data-widget_type=\"heading.default\">\n\t\t\t\t<div class=\"elementor-widget-container\">\n\t\t\t<span class=\"elementor-heading-title elementor-size-default\"><a href=\"https:\/\/wastehero.io\/es\/empresa\/sobre-nosotros\/\">Leer m\u00e1s &gt;<\/a><\/span>\t\t<\/div>\n\t\t\t\t<\/div>\n\t\t\t\t\t<\/div>\n\t\t<\/div>\n\t\t\t\t<div class=\"elementor-column elementor-col-25 elementor-inner-column elementor-element elementor-element-3e53f1d7\" data-id=\"3e53f1d7\" data-element_type=\"column\" data-settings=\"{&quot;background_background&quot;:&quot;classic&quot;}\">\n\t\t\t<div class=\"elementor-widget-wrap elementor-element-populated\">\n\t\t\t\t\t\t<div class=\"elementor-element elementor-element-230b8e87 elementor-widget elementor-widget-image\" data-id=\"230b8e87\" data-element_type=\"widget\" data-widget_type=\"image.default\">\n\t\t\t\t<div class=\"elementor-widget-container\">\n\t\t\t\t\t\t\t\t\t\t\t\t\t\t<a href=\"https:\/\/wastehero.io\/es\/empresa\/contacta-con-wastehero\/\">\n\t\t\t\t\t\t\t<img decoding=\"async\" src=\"https:\/\/wastehero.io\/wp-content\/smush-webp\/2022\/02\/image-2-1-394x303.png.webp\" title=\"Cph Office\" alt=\"Cph Office\" loading=\"lazy\" \/>\t\t\t\t\t\t\t\t<\/a>\n\t\t\t\t\t\t\t\t\t\t\t\t\t<\/div>\n\t\t\t\t<\/div>\n\t\t\t\t<div class=\"elementor-element elementor-element-6478e1c9 elementor-widget elementor-widget-heading\" data-id=\"6478e1c9\" data-element_type=\"widget\" data-widget_type=\"heading.default\">\n\t\t\t\t<div class=\"elementor-widget-container\">\n\t\t\t<div class=\"elementor-heading-title elementor-size-default\">Contacta con nosotros<\/div>\t\t<\/div>\n\t\t\t\t<\/div>\n\t\t\t\t<div class=\"elementor-element elementor-element-1e27940f elementor-widget elementor-widget-text-editor\" data-id=\"1e27940f\" data-element_type=\"widget\" data-widget_type=\"text-editor.default\">\n\t\t\t\t<div class=\"elementor-widget-container\">\n\t\t\t\t\t\t\t<p>Ponte en contacto con los expertos en residuos urbanos de WasteHero.<\/p>\n\t\t\t\t\t\t<\/div>\n\t\t\t\t<\/div>\n\t\t\t\t<div class=\"elementor-element elementor-element-1fe195e elementor-widget elementor-widget-heading\" data-id=\"1fe195e\" data-element_type=\"widget\" data-widget_type=\"heading.default\">\n\t\t\t\t<div class=\"elementor-widget-container\">\n\t\t\t<span class=\"elementor-heading-title elementor-size-default\"><a href=\"https:\/\/wastehero.io\/es\/empresa\/contacta-con-wastehero\/\">Leer m\u00e1s &gt;<\/a><\/span>\t\t<\/div>\n\t\t\t\t<\/div>\n\t\t\t\t\t<\/div>\n\t\t<\/div>\n\t\t\t\t<div class=\"elementor-column elementor-col-25 elementor-inner-column elementor-element elementor-element-5d51e254\" data-id=\"5d51e254\" data-element_type=\"column\" data-settings=\"{&quot;background_background&quot;:&quot;classic&quot;}\">\n\t\t\t<div class=\"elementor-widget-wrap elementor-element-populated\">\n\t\t\t\t\t\t<div class=\"elementor-element elementor-element-2df4ab7d elementor-widget elementor-widget-image\" data-id=\"2df4ab7d\" data-element_type=\"widget\" data-widget_type=\"image.default\">\n\t\t\t\t<div class=\"elementor-widget-container\">\n\t\t\t\t\t\t\t\t\t\t\t\t\t\t<a href=\"https:\/\/wastehero.io\/es\/empresa\/sala-de-prensa\/\">\n\t\t\t\t\t\t\t<img decoding=\"async\" src=\"https:\/\/wastehero.io\/wp-content\/smush-webp\/2022\/03\/wireless-connection-technology-in-city-2021-08-29-15-55-17-utc-1-394x303.jpg.webp\" title=\"Skyscraper night city with connection icons. Smart communication\" alt=\"Skyscraper night city with connection icons. Smart communication in city.\" loading=\"lazy\" \/>\t\t\t\t\t\t\t\t<\/a>\n\t\t\t\t\t\t\t\t\t\t\t\t\t<\/div>\n\t\t\t\t<\/div>\n\t\t\t\t<div class=\"elementor-element elementor-element-62bc713 elementor-widget elementor-widget-heading\" data-id=\"62bc713\" data-element_type=\"widget\" data-widget_type=\"heading.default\">\n\t\t\t\t<div class=\"elementor-widget-container\">\n\t\t\t<div class=\"elementor-heading-title elementor-size-default\">Sala de prensa<\/div>\t\t<\/div>\n\t\t\t\t<\/div>\n\t\t\t\t<div class=\"elementor-element elementor-element-4b91dd5d elementor-widget elementor-widget-text-editor\" data-id=\"4b91dd5d\" data-element_type=\"widget\" data-widget_type=\"text-editor.default\">\n\t\t\t\t<div class=\"elementor-widget-container\">\n\t\t\t\t\t\t\t<p>Recibe las \u00faltimas actualizaciones del sector en la Sala de Prensa de WasteHero.<\/p>\n\t\t\t\t\t\t<\/div>\n\t\t\t\t<\/div>\n\t\t\t\t<div class=\"elementor-element elementor-element-58626ea3 elementor-widget elementor-widget-heading\" data-id=\"58626ea3\" data-element_type=\"widget\" data-widget_type=\"heading.default\">\n\t\t\t\t<div class=\"elementor-widget-container\">\n\t\t\t<span class=\"elementor-heading-title elementor-size-default\"><a href=\"https:\/\/wastehero.io\/es\/empresa\/sala-de-prensa\/\">Leer m\u00e1s &gt;<\/a><\/span>\t\t<\/div>\n\t\t\t\t<\/div>\n\t\t\t\t\t<\/div>\n\t\t<\/div>\n\t\t\t\t<div class=\"elementor-column elementor-col-25 elementor-inner-column elementor-element elementor-element-4b6f0248\" data-id=\"4b6f0248\" data-element_type=\"column\" data-settings=\"{&quot;background_background&quot;:&quot;classic&quot;}\">\n\t\t\t<div class=\"elementor-widget-wrap elementor-element-populated\">\n\t\t\t\t\t\t<div class=\"elementor-element elementor-element-62b9620b elementor-widget elementor-widget-heading\" data-id=\"62b9620b\" data-element_type=\"widget\" data-widget_type=\"heading.default\">\n\t\t\t\t<div class=\"elementor-widget-container\">\n\t\t\t<div class=\"elementor-heading-title elementor-size-default\">Empleo<\/div>\t\t<\/div>\n\t\t\t\t<\/div>\n\t\t\t\t<div class=\"elementor-element elementor-element-6dd48531 elementor-widget elementor-widget-text-editor\" data-id=\"6dd48531\" data-element_type=\"widget\" data-widget_type=\"text-editor.default\">\n\t\t\t\t<div class=\"elementor-widget-container\">\n\t\t\t\t\t\t\t<p>Explora las oportunidades actuales para trabajar en WasteHero.<\/p>\n\t\t\t\t\t\t<\/div>\n\t\t\t\t<\/div>\n\t\t\t\t<div class=\"elementor-element elementor-element-6af50913 elementor-widget elementor-widget-heading\" data-id=\"6af50913\" data-element_type=\"widget\" data-widget_type=\"heading.default\">\n\t\t\t\t<div class=\"elementor-widget-container\">\n\t\t\t<span class=\"elementor-heading-title elementor-size-default\"><a href=\"https:\/\/wastehero.io\/company\/careers\/\">Leer m\u00e1s &gt;<\/a><\/span>\t\t<\/div>\n\t\t\t\t<\/div>\n\t\t\t\t\t<\/div>\n\t\t<\/div>\n\t\t\t\t\t<\/div>\n\t\t<\/section>\n\t\t\t\t<section class=\"elementor-section elementor-inner-section elementor-element elementor-element-334439b elementor-section-boxed elementor-section-height-default elementor-section-height-default\" data-id=\"334439b\" data-element_type=\"section\" data-settings=\"{&quot;background_background&quot;:&quot;classic&quot;}\">\n\t\t\t\t\t\t<div class=\"elementor-container elementor-column-gap-extended\">\n\t\t\t\t\t<div class=\"elementor-column elementor-col-33 elementor-inner-column elementor-element elementor-element-1dbdadb\" data-id=\"1dbdadb\" data-element_type=\"column\" data-settings=\"{&quot;background_background&quot;:&quot;classic&quot;}\">\n\t\t\t<div class=\"elementor-widget-wrap elementor-element-populated\">\n\t\t\t\t\t\t<div class=\"elementor-element elementor-element-2425d6c elementor-widget elementor-widget-image\" data-id=\"2425d6c\" data-element_type=\"widget\" data-widget_type=\"image.default\">\n\t\t\t\t<div class=\"elementor-widget-container\">\n\t\t\t\t\t\t\t\t\t\t\t\t\t<img decoding=\"async\" src=\"https:\/\/wastehero.io\/wp-content\/smush-webp\/2022\/08\/Screenshot-2022-08-04-at-13.10.07-605x465.png.webp\" title=\"Screenshot 2022-08-04 at 13.10.07\" alt=\"Screenshot 2022-08-04 at 13.10.07\" loading=\"lazy\" \/>\t\t\t\t\t\t\t\t\t\t\t\t\t<\/div>\n\t\t\t\t<\/div>\n\t\t\t\t<div class=\"elementor-element elementor-element-e7720e0 elementor-widget elementor-widget-heading\" data-id=\"e7720e0\" data-element_type=\"widget\" data-widget_type=\"heading.default\">\n\t\t\t\t<div class=\"elementor-widget-container\">\n\t\t\t<div class=\"elementor-heading-title elementor-size-default\">Videoteca<\/div>\t\t<\/div>\n\t\t\t\t<\/div>\n\t\t\t\t<div class=\"elementor-element elementor-element-c778f57 elementor-widget elementor-widget-text-editor\" data-id=\"c778f57\" data-element_type=\"widget\" data-widget_type=\"text-editor.default\">\n\t\t\t\t<div class=\"elementor-widget-container\">\n\t\t\t\t\t\t\t<p>Navega por nuestra videoteca de v\u00eddeos de productos, entrevistas a clientes y mucho m\u00e1s.<\/p>\n\t\t\t\t\t\t<\/div>\n\t\t\t\t<\/div>\n\t\t\t\t<div class=\"elementor-element elementor-element-0b41d0a elementor-widget elementor-widget-heading\" data-id=\"0b41d0a\" data-element_type=\"widget\" data-widget_type=\"heading.default\">\n\t\t\t\t<div class=\"elementor-widget-container\">\n\t\t\t<h2 class=\"elementor-heading-title elementor-size-default\"><a href=\"https:\/\/wastehero.io\/video-library\/\">Ver ahora  &gt;<\/a><\/h2>\t\t<\/div>\n\t\t\t\t<\/div>\n\t\t\t\t\t<\/div>\n\t\t<\/div>\n\t\t\t\t<div class=\"elementor-column elementor-col-33 elementor-inner-column elementor-element elementor-element-fff26a5\" data-id=\"fff26a5\" data-element_type=\"column\" data-settings=\"{&quot;background_background&quot;:&quot;classic&quot;}\">\n\t\t\t<div class=\"elementor-widget-wrap elementor-element-populated\">\n\t\t\t\t\t\t<div class=\"elementor-element elementor-element-ee99364 elementor-widget elementor-widget-image\" data-id=\"ee99364\" data-element_type=\"widget\" data-widget_type=\"image.default\">\n\t\t\t\t<div class=\"elementor-widget-container\">\n\t\t\t\t\t\t\t\t\t\t\t\t\t\t<a href=\"https:\/\/app.wastehero.io\/login\" target=\"_blank\">\n\t\t\t\t\t\t\t<img decoding=\"async\" src=\"https:\/\/wastehero.io\/wp-content\/smush-webp\/2022\/05\/Screenshot-2022-05-11-at-15.00.06-394x303.png.webp\" title=\"Screenshot 2022-05-11 at 15.00.06\" alt=\"Screenshot 2022-05-11 at 15.00.06\" loading=\"lazy\" \/>\t\t\t\t\t\t\t\t<\/a>\n\t\t\t\t\t\t\t\t\t\t\t\t\t<\/div>\n\t\t\t\t<\/div>\n\t\t\t\t<div class=\"elementor-element elementor-element-3596104 elementor-widget elementor-widget-heading\" data-id=\"3596104\" data-element_type=\"widget\" data-widget_type=\"heading.default\">\n\t\t\t\t<div class=\"elementor-widget-container\">\n\t\t\t<div class=\"elementor-heading-title elementor-size-default\">Inicio de sesi\u00f3n en la plataforma<\/div>\t\t<\/div>\n\t\t\t\t<\/div>\n\t\t\t\t<div class=\"elementor-element elementor-element-7df96f4 elementor-widget elementor-widget-text-editor\" data-id=\"7df96f4\" data-element_type=\"widget\" data-widget_type=\"text-editor.default\">\n\t\t\t\t<div class=\"elementor-widget-container\">\n\t\t\t\t\t\t\t<p>Inicia sesi\u00f3n en la Plataforma en la Nube de WasteHero con tus credenciales.<\/p>\n\t\t\t\t\t\t<\/div>\n\t\t\t\t<\/div>\n\t\t\t\t<div class=\"elementor-element elementor-element-ba94dde elementor-widget elementor-widget-heading\" data-id=\"ba94dde\" data-element_type=\"widget\" data-widget_type=\"heading.default\">\n\t\t\t\t<div class=\"elementor-widget-container\">\n\t\t\t<span class=\"elementor-heading-title elementor-size-default\"><a href=\"https:\/\/app.wastehero.io\/login\" target=\"_blank\">Ir a Inicio de sesi\u00f3n en la plataforma &gt;<\/a><\/span>\t\t<\/div>\n\t\t\t\t<\/div>\n\t\t\t\t\t<\/div>\n\t\t<\/div>\n\t\t\t\t<div class=\"elementor-column elementor-col-33 elementor-inner-column elementor-element elementor-element-f60bfb2 elementor-hidden-desktop elementor-hidden-laptop elementor-hidden-tablet elementor-hidden-mobile\" data-id=\"f60bfb2\" data-element_type=\"column\" data-settings=\"{&quot;background_background&quot;:&quot;classic&quot;}\">\n\t\t\t<div class=\"elementor-widget-wrap elementor-element-populated\">\n\t\t\t\t\t\t<div class=\"elementor-element elementor-element-0ad088b elementor-widget elementor-widget-image\" data-id=\"0ad088b\" data-element_type=\"widget\" data-widget_type=\"image.default\">\n\t\t\t\t<div class=\"elementor-widget-container\">\n\t\t\t\t\t\t\t\t\t\t\t\t\t<img decoding=\"async\" src=\"https:\/\/wastehero.io\/wp-content\/smush-webp\/2022\/05\/TMS.png.webp\" title=\"TMS\" alt=\"TMS\" loading=\"lazy\" \/>\t\t\t\t\t\t\t\t\t\t\t\t\t<\/div>\n\t\t\t\t<\/div>\n\t\t\t\t<div class=\"elementor-element elementor-element-b1fc449 elementor-widget elementor-widget-heading\" data-id=\"b1fc449\" data-element_type=\"widget\" data-widget_type=\"heading.default\">\n\t\t\t\t<div class=\"elementor-widget-container\">\n\t\t\t<div class=\"elementor-heading-title elementor-size-default\">Sala de prensa<\/div>\t\t<\/div>\n\t\t\t\t<\/div>\n\t\t\t\t<div class=\"elementor-element elementor-element-de3498c elementor-widget elementor-widget-text-editor\" data-id=\"de3498c\" data-element_type=\"widget\" data-widget_type=\"text-editor.default\">\n\t\t\t\t<div class=\"elementor-widget-container\">\n\t\t\t\t\t\t\t<p>Sala de prensa<\/p>\n\t\t\t\t\t\t<\/div>\n\t\t\t\t<\/div>\n\t\t\t\t<div class=\"elementor-element elementor-element-4d97584 elementor-widget elementor-widget-heading\" data-id=\"4d97584\" data-element_type=\"widget\" data-widget_type=\"heading.default\">\n\t\t\t\t<div class=\"elementor-widget-container\">\n\t\t\t<span class=\"elementor-heading-title elementor-size-default\"><a href=\"https:\/\/wastehero.io\/es\/empresa\/sala-de-prensa\/\">Leer m\u00e1s &gt;<\/a><\/span>\t\t<\/div>\n\t\t\t\t<\/div>\n\t\t\t\t\t<\/div>\n\t\t<\/div>\n\t\t\t\t\t<\/div>\n\t\t<\/section>\n\t\t\t\t<\/div>\n\t\t","protected":false},"excerpt":{"rendered":"<p>Empresa Sobre nosotros Conoce la historia de WasteHero y conoce a nuestro equipo directivo. Leer m\u00e1s &gt; Contacta con nosotros Ponte en contacto con los expertos en residuos urbanos de WasteHero. Leer m\u00e1s &gt; Sala de prensa Recibe las \u00faltimas actualizaciones del sector en la Sala de Prensa de WasteHero. Leer m\u00e1s &gt; Empleo Explora [&hellip;]<\/p>\n","protected":false},"author":1,"featured_media":0,"parent":0,"menu_order":0,"comment_status":"closed","ping_status":"closed","template":"","meta":{"_acf_changed":false,"footnotes":""},"class_list":["post-40197","page","type-page","status-publish","hentry"],"acf":[],"yoast_head":"<!-- This site is optimized with the Yoast SEO plugin v23.6 - https:\/\/yoast.com\/wordpress\/plugins\/seo\/ -->\n<title>| WasteHero<\/title>\n<meta name=\"description\" content=\"Empresa WasteHero: Qui\u00e9nes somos, contacta con nosotros, sala de prensa, carreras, centro de ayuda, inicio de sesi\u00f3n en la plataforma. M\u00e1s informaci\u00f3n sobre WasteHero\" \/>\n<meta name=\"robots\" content=\"index, follow, max-snippet:-1, max-image-preview:large, max-video-preview:-1\" \/>\n<link rel=\"canonical\" href=\"https:\/\/wastehero.io\/es\/empresa\/\" \/>\n<meta property=\"og:locale\" content=\"es_ES\" \/>\n<meta property=\"og:type\" content=\"article\" \/>\n<meta property=\"og:title\" content=\"| WasteHero\" \/>\n<meta property=\"og:description\" content=\"Empresa WasteHero: Qui\u00e9nes somos, contacta con nosotros, sala de prensa, carreras, centro de ayuda, inicio de sesi\u00f3n en la plataforma. M\u00e1s informaci\u00f3n sobre WasteHero\" \/>\n<meta property=\"og:url\" content=\"https:\/\/wastehero.io\/es\/empresa\/\" \/>\n<meta property=\"og:site_name\" content=\"WasteHero\" \/>\n<meta property=\"article:modified_time\" content=\"2024-09-30T08:10:08+00:00\" \/>\n<meta property=\"og:image\" content=\"https:\/\/wastehero.io\/wp-content\/uploads\/2022\/02\/image-3-394x303.jpg\" \/>\n<meta name=\"twitter:card\" content=\"summary_large_image\" \/>\n<meta name=\"twitter:label1\" content=\"Tiempo de lectura\" \/>\n\t<meta name=\"twitter:data1\" content=\"1 minuto\" \/>\n<script type=\"application\/ld+json\" class=\"yoast-schema-graph\">{\"@context\":\"https:\/\/schema.org\",\"@graph\":[{\"@type\":\"WebPage\",\"@id\":\"https:\/\/wastehero.io\/es\/empresa\/\",\"url\":\"https:\/\/wastehero.io\/es\/empresa\/\",\"name\":\"| WasteHero\",\"isPartOf\":{\"@id\":\"https:\/\/wastehero.io\/es\/#website\"},\"primaryImageOfPage\":{\"@id\":\"https:\/\/wastehero.io\/es\/empresa\/#primaryimage\"},\"image\":{\"@id\":\"https:\/\/wastehero.io\/es\/empresa\/#primaryimage\"},\"thumbnailUrl\":\"https:\/\/wastehero.io\/wp-content\/uploads\/2022\/02\/image-3-394x303.jpg\",\"datePublished\":\"2022-01-10T13:56:58+00:00\",\"dateModified\":\"2024-09-30T08:10:08+00:00\",\"description\":\"Empresa WasteHero: Qui\u00e9nes somos, contacta con nosotros, sala de prensa, carreras, centro de ayuda, inicio de sesi\u00f3n en la plataforma. M\u00e1s informaci\u00f3n sobre WasteHero\",\"breadcrumb\":{\"@id\":\"https:\/\/wastehero.io\/es\/empresa\/#breadcrumb\"},\"inLanguage\":\"es\",\"potentialAction\":[{\"@type\":\"ReadAction\",\"target\":[\"https:\/\/wastehero.io\/es\/empresa\/\"]}]},{\"@type\":\"ImageObject\",\"inLanguage\":\"es\",\"@id\":\"https:\/\/wastehero.io\/es\/empresa\/#primaryimage\",\"url\":\"https:\/\/wastehero.io\/wp-content\/uploads\/2022\/02\/image-3-394x303.jpg\",\"contentUrl\":\"https:\/\/wastehero.io\/wp-content\/uploads\/2022\/02\/image-3-394x303.jpg\"},{\"@type\":\"BreadcrumbList\",\"@id\":\"https:\/\/wastehero.io\/es\/empresa\/#breadcrumb\",\"itemListElement\":[{\"@type\":\"ListItem\",\"position\":1,\"name\":\"Home\",\"item\":\"https:\/\/wastehero.io\/es\/\"},{\"@type\":\"ListItem\",\"position\":2,\"name\":\"Empresa\"}]},{\"@type\":\"WebSite\",\"@id\":\"https:\/\/wastehero.io\/es\/#website\",\"url\":\"https:\/\/wastehero.io\/es\/\",\"name\":\"WasteHero\",\"description\":\"Uniting, simplifying &amp; powering modern waste management\",\"publisher\":{\"@id\":\"https:\/\/wastehero.io\/es\/#organization\"},\"potentialAction\":[{\"@type\":\"SearchAction\",\"target\":{\"@type\":\"EntryPoint\",\"urlTemplate\":\"https:\/\/wastehero.io\/es\/?s={search_term_string}\"},\"query-input\":{\"@type\":\"PropertyValueSpecification\",\"valueRequired\":true,\"valueName\":\"search_term_string\"}}],\"inLanguage\":\"es\"},{\"@type\":\"Organization\",\"@id\":\"https:\/\/wastehero.io\/es\/#organization\",\"name\":\"WasteHero\",\"url\":\"https:\/\/wastehero.io\/es\/\",\"logo\":{\"@type\":\"ImageObject\",\"inLanguage\":\"es\",\"@id\":\"https:\/\/wastehero.io\/es\/#\/schema\/logo\/image\/\",\"url\":\"https:\/\/wastehero.io\/wp-content\/uploads\/2022\/03\/WH-blue-logo-01.png\",\"contentUrl\":\"https:\/\/wastehero.io\/wp-content\/uploads\/2022\/03\/WH-blue-logo-01.png\",\"width\":3350,\"height\":1245,\"caption\":\"WasteHero\"},\"image\":{\"@id\":\"https:\/\/wastehero.io\/es\/#\/schema\/logo\/image\/\"}}]}<\/script>\n<!-- \/ Yoast SEO plugin. -->","yoast_head_json":{"title":"| WasteHero","description":"Empresa WasteHero: Qui\u00e9nes somos, contacta con nosotros, sala de prensa, carreras, centro de ayuda, inicio de sesi\u00f3n en la plataforma. M\u00e1s informaci\u00f3n sobre WasteHero","robots":{"index":"index","follow":"follow","max-snippet":"max-snippet:-1","max-image-preview":"max-image-preview:large","max-video-preview":"max-video-preview:-1"},"canonical":"https:\/\/wastehero.io\/es\/empresa\/","og_locale":"es_ES","og_type":"article","og_title":"| WasteHero","og_description":"Empresa WasteHero: Qui\u00e9nes somos, contacta con nosotros, sala de prensa, carreras, centro de ayuda, inicio de sesi\u00f3n en la plataforma. M\u00e1s informaci\u00f3n sobre WasteHero","og_url":"https:\/\/wastehero.io\/es\/empresa\/","og_site_name":"WasteHero","article_modified_time":"2024-09-30T08:10:08+00:00","og_image":[{"url":"https:\/\/wastehero.io\/wp-content\/uploads\/2022\/02\/image-3-394x303.jpg"}],"twitter_card":"summary_large_image","twitter_misc":{"Tiempo de lectura":"1 minuto"},"schema":{"@context":"https:\/\/schema.org","@graph":[{"@type":"WebPage","@id":"https:\/\/wastehero.io\/es\/empresa\/","url":"https:\/\/wastehero.io\/es\/empresa\/","name":"| WasteHero","isPartOf":{"@id":"https:\/\/wastehero.io\/es\/#website"},"primaryImageOfPage":{"@id":"https:\/\/wastehero.io\/es\/empresa\/#primaryimage"},"image":{"@id":"https:\/\/wastehero.io\/es\/empresa\/#primaryimage"},"thumbnailUrl":"https:\/\/wastehero.io\/wp-content\/uploads\/2022\/02\/image-3-394x303.jpg","datePublished":"2022-01-10T13:56:58+00:00","dateModified":"2024-09-30T08:10:08+00:00","description":"Empresa WasteHero: Qui\u00e9nes somos, contacta con nosotros, sala de prensa, carreras, centro de ayuda, inicio de sesi\u00f3n en la plataforma. M\u00e1s informaci\u00f3n sobre WasteHero","breadcrumb":{"@id":"https:\/\/wastehero.io\/es\/empresa\/#breadcrumb"},"inLanguage":"es","potentialAction":[{"@type":"ReadAction","target":["https:\/\/wastehero.io\/es\/empresa\/"]}]},{"@type":"ImageObject","inLanguage":"es","@id":"https:\/\/wastehero.io\/es\/empresa\/#primaryimage","url":"https:\/\/wastehero.io\/wp-content\/uploads\/2022\/02\/image-3-394x303.jpg","contentUrl":"https:\/\/wastehero.io\/wp-content\/uploads\/2022\/02\/image-3-394x303.jpg"},{"@type":"BreadcrumbList","@id":"https:\/\/wastehero.io\/es\/empresa\/#breadcrumb","itemListElement":[{"@type":"ListItem","position":1,"name":"Home","item":"https:\/\/wastehero.io\/es\/"},{"@type":"ListItem","position":2,"name":"Empresa"}]},{"@type":"WebSite","@id":"https:\/\/wastehero.io\/es\/#website","url":"https:\/\/wastehero.io\/es\/","name":"WasteHero","description":"Uniting, simplifying &amp; powering modern waste management","publisher":{"@id":"https:\/\/wastehero.io\/es\/#organization"},"potentialAction":[{"@type":"SearchAction","target":{"@type":"EntryPoint","urlTemplate":"https:\/\/wastehero.io\/es\/?s={search_term_string}"},"query-input":{"@type":"PropertyValueSpecification","valueRequired":true,"valueName":"search_term_string"}}],"inLanguage":"es"},{"@type":"Organization","@id":"https:\/\/wastehero.io\/es\/#organization","name":"WasteHero","url":"https:\/\/wastehero.io\/es\/","logo":{"@type":"ImageObject","inLanguage":"es","@id":"https:\/\/wastehero.io\/es\/#\/schema\/logo\/image\/","url":"https:\/\/wastehero.io\/wp-content\/uploads\/2022\/03\/WH-blue-logo-01.png","contentUrl":"https:\/\/wastehero.io\/wp-content\/uploads\/2022\/03\/WH-blue-logo-01.png","width":3350,"height":1245,"caption":"WasteHero"},"image":{"@id":"https:\/\/wastehero.io\/es\/#\/schema\/logo\/image\/"}}]}},"_links":{"self":[{"href":"https:\/\/wastehero.io\/es\/wp-json\/wp\/v2\/pages\/40197","targetHints":{"allow":["GET"]}}],"collection":[{"href":"https:\/\/wastehero.io\/es\/wp-json\/wp\/v2\/pages"}],"about":[{"href":"https:\/\/wastehero.io\/es\/wp-json\/wp\/v2\/types\/page"}],"author":[{"embeddable":true,"href":"https:\/\/wastehero.io\/es\/wp-json\/wp\/v2\/users\/1"}],"replies":[{"embeddable":true,"href":"https:\/\/wastehero.io\/es\/wp-json\/wp\/v2\/comments?post=40197"}],"version-history":[{"count":2,"href":"https:\/\/wastehero.io\/es\/wp-json\/wp\/v2\/pages\/40197\/revisions"}],"predecessor-version":[{"id":40872,"href":"https:\/\/wastehero.io\/es\/wp-json\/wp\/v2\/pages\/40197\/revisions\/40872"}],"wp:attachment":[{"href":"https:\/\/wastehero.io\/es\/wp-json\/wp\/v2\/media?parent=40197"}],"curies":[{"name":"wp","href":"https:\/\/api.w.org\/{rel}","templated":true}]}}